{"id":18,"date":"2023-02-20T15:37:02","date_gmt":"2023-02-20T15:37:02","guid":{"rendered":"https:\/\/as.edu.rs\/home\/"},"modified":"2025-01-21T01:24:45","modified_gmt":"2025-01-21T01:24:45","slug":"home","status":"publish","type":"page","link":"https:\/\/as.edu.rs\/en\/","title":{"rendered":"Home"},"content":{"rendered":"<h2>PUBLISHER<\/h2>\n\n<p style=\"text-align: center\"><strong>Institute for Pedagogy and Andragogy<\/strong>\n<br>University of Belgrade, Faculty of Philosophy\n<br>Postal address: \u010cika-Ljubina 18-20, 11000 Belgrade, Serbia; Email: ipa.as@f.bg.ac.rs; Phone: 00381-11-3282-985<\/p>\n\n<p style=\"text-align: center\"><strong>ISSN<\/strong>: 0354-5415 (Print issues)\n<strong><br>ISSN<\/strong>: 2466-4537 (Online issues)\n<strong><br>UDK<\/strong>: 37.013.83+374<\/p>\n\n\n\n\n\n<h2>EDITORIAL BOARD<\/h2>\n\n\n\n\n\n<p><span style=\"border-style: initial; border-color: initial; border-image: initial; font-variant-numeric: inherit; font-variant-east-asian: inherit; font-stretch: inherit; line-height: inherit;\"><strong>Editors-in-chief<\/strong><\/span><br style=\"\">MIOMIR DESPOTOVI\u0106, Univerzitet u Beogradu, Filozofski fakultet<br style=\"\">KATARINA POPOVI\u0106, University of Belgrade, Faculty of Philosophy<strong><br style=\"\"><br style=\"\"><span style=\"border-style: initial; border-color: initial; border-image: initial; font-variant-numeric: inherit; font-variant-east-asian: inherit; font-stretch: inherit; line-height: inherit;\">Associate Editors<\/span><\/strong><br style=\"\">Maja Maksimovi\u0107, University of Belgrade, Faculty of Philosophy<br style=\"\">Aleksandar Bulaji\u0107, University of Belgrade, Faculty of Philosophy<strong><br style=\"\"><br style=\"\"><span style=\"border-style: initial; border-color: initial; border-image: initial; font-variant-numeric: inherit; font-variant-east-asian: inherit; font-stretch: inherit; line-height: inherit;\">Assistant Editors<\/span><\/strong><br style=\"\">Nikola Koruga, University of Belgrade, Faculty of Philosophy<br style=\"\">Kristina Milanovi\u0107, University of Belgrade, Faculty of Philosophy<strong><br style=\"\"><br style=\"\"><span style=\"border-style: initial; border-color: initial; border-image: initial; font-variant-numeric: inherit; font-variant-east-asian: inherit; font-stretch: inherit; line-height: inherit;\">Journal Secretary<\/span><\/strong><br style=\"\">Brankica Vla\u0161kovi\u0107, University of Belgrade, Faculty of Philosophy<strong><br style=\"\"><br style=\"\"><span style=\"border-style: initial; border-color: initial; border-image: initial; font-variant-numeric: inherit; font-variant-east-asian: inherit; font-stretch: inherit; line-height: inherit;\">Design<\/span><\/strong><br style=\"\">Zoran Im\u0161iragi\u0107<\/p>\n<p><span style=\"border-style: initial; border-color: initial; border-image: initial; font-variant-numeric: inherit; font-variant-east-asian: inherit; font-stretch: inherit; line-height: inherit;\"><strong>Cover design&nbsp;<\/strong><br>Sanja Crnjanski<\/span><\/p>\n<p><strong><span style=\"border-style: initial; border-color: initial; border-image: initial; font-variant-numeric: inherit; font-variant-east-asian: inherit; font-stretch: inherit; line-height: inherit;\">Technical Editor<\/span><\/strong><br style=\"\">Irena \u0110akovi\u0107<strong><\/strong><strong><br style=\"\"><br style=\"\"><span style=\"border-style: initial; border-color: initial; border-image: initial; font-variant-numeric: inherit; font-variant-east-asian: inherit; font-stretch: inherit; line-height: inherit;\">Prepress<\/span><\/strong><br style=\"\">Dosije studio, Belgrade<br><\/p>\n\n\n<p><span style=\"border-style: initial; border-color: initial; border-image: initial; font-variant-numeric: inherit; font-variant-east-asian: inherit; font-stretch: inherit; line-height: inherit;\"><strong>EDITORIAL BOARD<\/strong><\/span><br style=\"\">\u0160efika Alibabi\u0107-Hod\u017ei\u0107, University of Belgrade, Faculty of Philosophy<br style=\"\">Marcie Boucouvalas,Virginia Polytechnic Institute and State University, USA<br style=\"\">George A. Koulaouzides, Hellenic Open University, Greece<br style=\"\">Sabina Jelenc, University of Ljubljana, Slovenia<br style=\"\">Sne\u017eana Medi\u0107, University of Belgrade, Faculty of Philosophy<br style=\"\">Sandra L. Morrison, University of Waikato, New Zealand<br style=\"\">Bal\u00e1zs N\u00e9meth, University of P\u00e9cs, Hungary<br style=\"\">Ekkehard Nuissl von Rein, University of Kaiserslautern, Germany<br style=\"\">Kristinka Ovesni, University of Belgrade, Faculty of Philosophy<br style=\"\">Aleksandra Pejatovi\u0107, University of Belgrade, Faculty of Philosophy<br style=\"\">Borut Mikulec, University of Ljubljana, Slovenia<br style=\"\">Cristina Maria Coimbra Vieira, University of Coimbra, Portugal<br style=\"\">Tamara Nikoli\u0107, University of Belgrade, Faculty of Philosophy<br style=\"\">Niamh O\u2019Reilly, AONTAS (National Adult Learning Organisation), Ireland<strong><br style=\"\"><br style=\"\"><span style=\"border-style: initial; border-color: initial; border-image: initial; font-variant-numeric: inherit; font-variant-east-asian: inherit; font-stretch: inherit; line-height: inherit;\">Proofreading<\/span><\/strong><br style=\"\">Jelena Lutrov<strong><br style=\"\"><br style=\"\"><span style=\"border-style: initial; border-color: initial; border-image: initial; font-variant-numeric: inherit; font-variant-east-asian: inherit; font-stretch: inherit; line-height: inherit;\">Proofreading for English language<\/span><\/strong><br style=\"\">Alisa Koljen\u0161i\u0107<strong><br style=\"\"><\/strong><br><\/p>\n\n\n\n\n<h2>LIST OF REVIEWERS<\/h2>\n\n\n\n\n\n<p><strong>dr Violeta Orlovi\u0107 Lovren<\/strong><\/p><p>University of Belgrade, Serbia<\/p><p><br style=\"\"><\/p><p><strong>dr Edisa Kecap<\/strong><\/p><p>University of Belgrade, Serbia<\/p>\n<p><b><\/b><\/p><p><b>dr Fergal Finnegan<\/b><\/p><p>Maynooth University, Ireland<\/p>\n<p><strong>dr Sanja Petkovska<\/strong><\/p><p>Institute of Criminological &amp; Sociological Research, Serbia<\/p>\n<p><strong>dr Antonia Batzoglou<\/strong><\/p><p>University of London, United Kingdom<\/p>\n<p><strong>dr Dragan Bulatovi\u0107<\/strong><\/p><p>University of Belgrade, Serbia<\/p>\n<p><strong>dr Sanja \u0110erasimovi\u0107<\/strong><\/p><p>University of Exeter, United Kingdom<\/p>\n<p><strong>dr Hajdana Glomazi\u0107<\/strong><\/p><p>Institute of Criminological &amp; Sociological Research, Serbia<\/p>\n<p><strong>dr Barry Golding<\/strong><\/p><p>Federation University Australia, Australia<\/p>\n<p><strong>dr Maurice de Greef<\/strong><\/p><p>Vrije Universiteit in Brussels, Belgium<\/p>\n<p><strong>dr John Henschke<\/strong><\/p><p>Lindenwood University, United States of America<\/p>\n<p style=\"font-family: &quot;noto sans&quot;;\"><span style=\"font-weight: bolder;\">dr Joanna Ostrouch-Kami\u0144ska<\/span><\/p><p style=\"font-family: &quot;noto sans&quot;;\">University of Warmia and Mazury in Olsztyn, Poland<\/p>\n<p style=\"font-family: &quot;noto sans&quot;;\"><span style=\"font-weight: bolder;\">dr George Koulaouzides<\/span><\/p><p style=\"font-family: &quot;noto sans&quot;;\">Hellenic Open University, Greece<\/p>\n<p><span style=\"font-weight: bolder;\">dr Milica Maru\u0161i\u0107<\/span><\/p><p>Institute for Educational Research, Serbia<\/p>\n\n\n<p><strong>dr Milo\u0161 Milenkovi\u0107<\/strong><\/p><p>University of Belgrade, Serbia<\/p>\n<p><strong>dr Miljana Milojevi\u0107<\/strong><\/p><p>University of Belgrade, Serbia<\/p>\n<p><strong>dr Alison Laurie Neilson<\/strong><\/p><p>University of Coimbra, Portugal<\/p>\n<p><strong>dr Edmee Ollagnier<\/strong><\/p><p>ret. University of Geneva, Switzerland<\/p>\n<p><strong>dr Goran Opa\u010di\u0107<\/strong><\/p><p>University of Belgrade, Serbia<\/p>\n<p><strong>dr Ognjen Radonji\u0107<\/strong><\/p><p>University of Belgrade, Serbia<\/p>\n<p><strong>dr Marko Radovan<\/strong><\/p><p>University of Ljubljana, Slovenia<\/p>\n<p><strong>dr Jost Reischmann<\/strong><\/p><p>Bamberg University, Germany<\/p>\n<p><strong>dr Maja Savi\u0107<\/strong><\/p><p>University of Belgrade, Serbia<\/p>\n<p><strong>dr Luiza Olim de Sousa<\/strong><\/p><p>North-West University in Potchefstroom, South Africa<\/p>\n<p><strong><\/strong><\/p><p><strong>Alan Tuckett<\/strong><\/p><p>University of Wolverhampton, United Kingdom<\/p>\n<p><strong>dr Zoran Velkovski<\/strong><\/p><p>University of Skopje, North Macedonia<\/p>\n<p><strong>dr Ivan Ni\u0161avi\u0107<\/strong><\/p><p>Institute for Philosophy and Social Theory, University of Belgrade<\/p>\n\n\n\n\n\n<h2>CATALOGUE AND INDEXING<\/h2>\n\n\n\nAndrago\u0161ke studije izlaze od 1994. godine dva puta godi\u0161nje. Ure\u0111iva\u010dku politiku vodi Institut za pedagogiju i andragogiju, Univerzitet u Beogradu, Filozofski fakultet, \u010cika-Ljubina 18\u201320, 11000 Beograd, u saradnji sa Dru\u0161tvom za obrazovanje odraslih, Garsije Lorke 9, 11060 Beograd. Izdavanje \u010dasopisa podr\u017eava Ministarstvo prosvete, nauke i tehnolo\u0161kog razvoja.\n\n\n\n\nNarodna biblioteka Srbije, Beograd.\nAndrago\u0161ke studije su \u010dasopis otvorenog pristupa koji je odlukom Ministarstva prosvete, nauke i tehnolo\u0161kog razvoja Republike Srbije kategorizovan kao \u010dasopis me\u0111unarodnog zna\u010daja (M23). Andrago\u0161ke studije su u okviru liste European Reference Index for the Humanities and Social Sciences (ERIH PLUS) ustanovljene kao \u010dasopis me\u0111unarodnog autorstva.\n\n\nNarodna biblioteka Srbije, Beograd i Konzorcijum biblioteka Srbije<br style=\"\"><a href=\"https:\/\/web.archive.org\/web\/20220815013930\/http:\/\/kobson.nb.rs\/\" target=\"_blank\" style=\"margin: 0px; padding: 0px; border: 0px; font-variant-numeric: inherit; font-variant-east-asian: inherit; font-stretch: inherit; line-height: inherit; vertical-align: baseline; background-image: initial; background-position: 0px 0px; background-size: initial; background-repeat: initial; background-attachment: initial; background-origin: initial; background-clip: initial; outline: none;\" rel=\"noopener\">http:\/\/kobson.nb.rs<\/a><br style=\"\"><br style=\"\">Serbian Citation Index&nbsp;<a href=\"https:\/\/web.archive.org\/web\/20220815013930\/http:\/\/scindeks.ceon.rs\/\" target=\"_blank\" style=\"margin: 0px; padding: 0px; border: 0px; font-variant-numeric: inherit; font-variant-east-asian: inherit; font-stretch: inherit; line-height: inherit; vertical-align: baseline; background-image: initial; background-position: 0px 0px; background-size: initial; background-repeat: initial; background-attachment: initial; background-origin: initial; background-clip: initial; outline: none;\" rel=\"noopener\">http:\/\/scindeks.ceon.rs<\/a><br style=\"\"><br style=\"\">European Reference Index for the Humanities and Social Sciences (ERIH PLUS)<br style=\"\"><a href=\"https:\/\/web.archive.org\/web\/20220815013930\/https:\/\/dbh.nsd.uib.no\/publiseringskanaler\/erihplus\/\" target=\"_blank\" style=\"margin: 0px; padding: 0px; border: 0px; font-variant-numeric: inherit; font-variant-east-asian: inherit; font-stretch: inherit; line-height: inherit; vertical-align: baseline; background-image: initial; background-position: 0px 0px; background-size: initial; background-repeat: initial; background-attachment: initial; background-origin: initial; background-clip: initial; outline: none;\" rel=\"noopener\">https:\/\/dbh.nsd.uib.no\/publiseringskanaler\/erihplus\/<\/a><br style=\"\"><br style=\"\">Library of the German Institute for Adult Education DIE, Bonn.\n\n\n\n\n\n\n\n<h2>INFORMATION FOR SUBSCRIBERS<\/h2>\n\n<h4 style=\"margin-top: 0px; margin-bottom: 5px; border: 0px; font-variant-numeric: inherit; font-variant-east-asian: inherit; font-stretch: inherit; line-height: 26px; vertical-align: baseline;\">Paper Submission<\/h4><p>The journal publishes texts which haven't been published previously. Editorial Board receives only MS Word type electronic submissions sent to e-mail:&nbsp;<a href=\"https:\/\/web.archive.org\/web\/20220815013930\/mailto:ipa@f.bg.ac.rs\" style=\"border: 0px; font-variant-numeric: inherit; font-variant-east-asian: inherit; font-stretch: inherit; line-height: inherit; vertical-align: baseline; background-image: initial; background-position: 0px 0px; background-size: initial; background-repeat: initial; background-attachment: initial; background-origin: initial; background-clip: initial; outline: none;\">ipa.as@f.bg.ac.rs<\/a>. There is no charge for publishing in Andragogical Studies.<br style=\"\"><br style=\"\"><\/p><h4 style=\"margin-top: 0px; margin-bottom: 5px; border: 0px; font-variant-numeric: inherit; font-variant-east-asian: inherit; font-stretch: inherit; line-height: 26px; vertical-align: baseline;\">Notes on style<\/h4><p>All papers submitted should be between 30.000 and 60.000 characters (with spaces and references), in Latin letter. Abstract should also be submitted of no more than 1000 characters (with spaces), the title of the manuscript, as well as 3-5 keywords. Submissions should include: full name, institutional affiliation and position of the author; basic data on author (up to 250 characters with spaces) and the contact information, as well as the date of birth (will not be published, serve just for the catalogue). If there is more than one author, the information should be provided for each author. Articles should be structured using up to two levels of headings. Numbering should not be used in headings. Italic formatting is allowed for emphasizing. Bolding, underlining and other such formatting are not allowed. Figures, pictures and tables should be named and numbered by Arabic numerals, and supplied in a form suitable for reproduction.<br style=\"\"><br style=\"\"><\/p><h4 style=\"margin-top: 0px; margin-bottom: 5px; border: 0px; font-variant-numeric: inherit; font-variant-east-asian: inherit; font-stretch: inherit; line-height: 26px; vertical-align: baseline;\">Language<\/h4><p>Serbian, English, German, Croatian, Bosnian and Montenegrian languages are acceptable languages. Papers will be published in Serbian (as well as Croatian, Bosnian and Montenegrinian) and in English. For papers published in English additional abstract in Serbian will be provided by Editorial Board, while for papers published in Serbian additional abstract in English will be provided.<br style=\"\"><br style=\"\"><\/p><h4 style=\"margin-top: 0px; margin-bottom: 5px; border: 0px; font-variant-numeric: inherit; font-variant-east-asian: inherit; font-stretch: inherit; line-height: 26px; vertical-align: baseline;\">Quotations and References<\/h4><p>Pozive na literaturu treba davati u tekstu, u zagradama, a fusnote koristiti samo kada je neophodno, npr. za komentare i dopunski tekst. Pri citiranju izvora (\u0161tampanih i elektronskih) i u bibliografiji koristiti isklju\u010divo APA stil (APA Citation Style &#8211; American Psychological Association). Detaljnije u: Publication manual of the American Psychological Association (6th edition). (2010). Washington, DC: American Psychological Association. Za dodatne informacije pogledati:&nbsp;<a href=\"https:\/\/web.archive.org\/web\/20220815013930\/http:\/\/www.apastyle.org\/\" target=\"_blank\" style=\"border: 0px; font-variant-numeric: inherit; font-variant-east-asian: inherit; font-stretch: inherit; line-height: inherit; vertical-align: baseline; background-image: initial; background-position: 0px 0px; background-size: initial; background-repeat: initial; background-attachment: initial; background-origin: initial; background-clip: initial; outline: none;\" rel=\"noopener\">http:\/\/www.apastyle.org\/<\/a>. In the case of texts in the Serbian language, the names of foreign authors in the text are given in the transcription during the first reference to the author or source, with the surname in the original in parentheses (in subsequent references to the same author, it is sufficient to state only the transcription) or surname in the original throughout the text. At the end of the paper, there is a list of used literature. It is desirable to limit the number of papers cited in the literature to 25. Papers are cited in alphabetical order. The authors are responsible for the accuracy of quotations and references.<br style=\"\"><br style=\"\"><\/p><h4 style=\"margin-top: 0px; margin-bottom: 5px; border: 0px; font-variant-numeric: inherit; font-variant-east-asian: inherit; font-stretch: inherit; line-height: 26px; vertical-align: baseline;\">Reviews<\/h4><p>AS editorial staff initially reviews all manuscript submissions for compliance with AS editorial policy. If the manuscript fails to fall within the scope and stylistic guidelines of the journal, it is returned to the authors. If a manuscript is in accord with the scope of the journal and meets submission guidelines, all references to the author name and institution are removed from the manuscript, and it is submitted for blind reviews by two external reviewers at the discretion of the Editorial Board. Each consulting editor is a professional scholar judged, affiliated with an academic institution and competent to appraise such manuscripts. In compliance with advice of consulting reviewers, the editors make one of three decisions: accept; conditional accept; or reject. In the case of conditional acceptance, the editors will specify necessary revisions in writing to the author. When revisions are completed and the editors accept a manuscript, the editors will then notify and inform the author(s) about the next steps in the publication process. Papers which receive positive reviews are published, and authors are informed beforehand.<br style=\"\"><br style=\"\">The editors determine the order of articles. Reviewed articles are categorized as follows: original scientific articles, review articles, professional articles. The journal publishes also translation of relevant documents (or, exceptionally, translation of papers published elsewhere), chronicles, scientific reviews, polemics and interviews, bibliographies, information about current projects, events and publications in the national, European and global adult education and learning field.<br style=\"\"><br style=\"\"><\/p><h4 style=\"margin-top: 0px; margin-bottom: 5px; border: 0px; font-variant-numeric: inherit; font-variant-east-asian: inherit; font-stretch: inherit; line-height: 26px; vertical-align: baseline;\">Review Criteria<\/h4><p><span style=\"border-style: initial; border-color: initial; border-image: initial; font-variant-numeric: inherit; font-variant-east-asian: inherit; font-stretch: inherit; line-height: inherit;\">Importance of the Problem:<\/span>&nbsp;A problem or subject addressed by a manuscript should contribute to knowledge or theory pertinent to adult education and learning. Importance is enhanced when a paper promotes understanding or improvement of practice.<br style=\"\"><br style=\"\"><span style=\"border-style: initial; border-color: initial; border-image: initial; font-variant-numeric: inherit; font-variant-east-asian: inherit; font-stretch: inherit; line-height: inherit;\">Background:<\/span>&nbsp;Through the abstract and a brief introduction, readers should be provided with sufficient background information\/literature to understand the problem being addressed.<br style=\"\"><br style=\"\"><span style=\"border-style: initial; border-color: initial; border-image: initial; font-variant-numeric: inherit; font-variant-east-asian: inherit; font-stretch: inherit; line-height: inherit;\">Problem\/Purpose:<\/span>&nbsp;The purpose of the paper should be clearly and unambiguously stated. This typically requires a clearly described research problem.<br style=\"\"><br style=\"\"><span style=\"border-style: initial; border-color: initial; border-image: initial; font-variant-numeric: inherit; font-variant-east-asian: inherit; font-stretch: inherit; line-height: inherit;\">Literature Review:<\/span>&nbsp;Research and scholarship should be linked to relevant empirical and theoretical literature. The applicability of the research and the quality of the discussion are more important than the length of the literature review.<br style=\"\"><br style=\"\"><span style=\"border-style: initial; border-color: initial; border-image: initial; font-variant-numeric: inherit; font-variant-east-asian: inherit; font-stretch: inherit; line-height: inherit;\">Methodology:<\/span>&nbsp;The approach and procedures must be appropriate for addressing the stated research problem(s) and purpose(s).<br style=\"\"><br style=\"\"><span style=\"border-style: initial; border-color: initial; border-image: initial; font-variant-numeric: inherit; font-variant-east-asian: inherit; font-stretch: inherit; line-height: inherit;\">Findings:<\/span>&nbsp;Findings must be presented and documented to show clear relationships to the purpose(s) and research question(s). Evidence needed to support conclusions must be clearly identified and amply arrayed, including (but not limited to) the presentation of statistics, charts, and graphs; use of quotations; observational data; references; and citations.<br style=\"\"><br style=\"\"><span style=\"border-style: initial; border-color: initial; border-image: initial; font-variant-numeric: inherit; font-variant-east-asian: inherit; font-stretch: inherit; line-height: inherit;\">Conclusions:<\/span>&nbsp;Conclusions and logical inferences should be pertinent, clearly drawn, and convincingly supported by evidence.<br style=\"\"><br style=\"\"><span style=\"border-style: initial; border-color: initial; border-image: initial; font-variant-numeric: inherit; font-variant-east-asian: inherit; font-stretch: inherit; line-height: inherit;\">Readability:<\/span>&nbsp;All manuscripts must be well-organized, well-written, and readable.<br style=\"\"><br style=\"\"><\/p><h4 style=\"margin-top: 0px; margin-bottom: 5px; border: 0px; font-variant-numeric: inherit; font-variant-east-asian: inherit; font-stretch: inherit; line-height: 26px; vertical-align: baseline;\">Copyright<\/h4><p>\u00a9 2002 Institute for Pedagogy and Andragogy, University of Belgrade, Faculty of Philosophy. All rights reserved. With the exception of fair dealing for the purposes of teaching, research or private study, criticism, reviews and citations, no part of this publication may be reproduced, stored, or transmitted in any form or by any means without the prior permission in writing from the copyright holder. There is no copyright fee for translation or reprinting, but the Editorial Board should be informed.<br><\/p>\n\n\n\n\n\n<h2 style=\"color: rgb(255, 255, 255);\">CONTACT<\/h2>\n\n\n\n<span style=\"color:#ffffff;\">Institut za pedagogiju i andragogiju, Univerzitet u Beogradu, Filozofski fakultet,\n        <br> \u010cika-Ljubina 18-20, 11000 Beograd<\/span>\n\n\n\n\n\n\n\n\n\n\n\n\n<h5>Annual subscription rates: 80\u20ac (VAT included).\n<br>For the payment details please contact Institute for Pedagogy and Andragogy.<\/h5>","protected":false},"excerpt":{"rendered":"","protected":false},"author":0,"featured_media":0,"parent":0,"menu_order":0,"comment_status":"closed","ping_status":"closed","template":"","meta":{"pagelayer_contact_templates":[],"_pagelayer_content":"","footnotes":""},"class_list":["post-18","page","type-page","status-publish","hentry"],"_links":{"self":[{"href":"https:\/\/as.edu.rs\/en\/wp-json\/wp\/v2\/pages\/18","targetHints":{"allow":["GET"]}}],"collection":[{"href":"https:\/\/as.edu.rs\/en\/wp-json\/wp\/v2\/pages"}],"about":[{"href":"https:\/\/as.edu.rs\/en\/wp-json\/wp\/v2\/types\/page"}],"replies":[{"embeddable":true,"href":"https:\/\/as.edu.rs\/en\/wp-json\/wp\/v2\/comments?post=18"}],"version-history":[{"count":31,"href":"https:\/\/as.edu.rs\/en\/wp-json\/wp\/v2\/pages\/18\/revisions"}],"predecessor-version":[{"id":867,"href":"https:\/\/as.edu.rs\/en\/wp-json\/wp\/v2\/pages\/18\/revisions\/867"}],"wp:attachment":[{"href":"https:\/\/as.edu.rs\/en\/wp-json\/wp\/v2\/media?parent=18"}],"curies":[{"name":"wp","href":"https:\/\/api.w.org\/{rel}","templated":true}]}}